{"id":21,"date":"2026-02-06T18:37:24","date_gmt":"2026-02-06T18:37:24","guid":{"rendered":"https:\/\/steelblue-octopus-650623.hostingersite.com\/home\/"},"modified":"2026-02-18T19:18:39","modified_gmt":"2026-02-18T18:18:39","slug":"inicio","status":"publish","type":"page","link":"https:\/\/tpvibiza.com\/en\/","title":{"rendered":"Home"},"content":{"rendered":"<h1>\n\t\t\tTu restaurante en Ibiza<br \/>ready to open!\t<\/h1>\n<h2>\n\t\t\tPOS \u00b7 HANDHELDS \u00b7 CASHLOGY \u00b7 KDS \u00b7 <br \/>PRINTERS \u00b7 WIFI NETWORK + COMPLETE INSTALLATION\t<\/h2>\n<h2>\n\t\t\tEverything you need to manage your restaurant\t<\/h2>\n<h3>\n\t\t\tComplete POS equipment with full installation: turnkey in Ibiza!\t<\/h3>\n<figure itemscope itemtype=\"https:\/\/schema.org\/ImageObject\">\n\t\t\t\t<img decoding=\"async\" src=\"https:\/\/tpvibiza.com\/wp-content\/uploads\/2026\/02\/Pack-TPV-impresora-cajon-ibiza-agora.jpg\" alt=\"Pack completo TPV con impresora t\u00e9rmica y caj\u00f3n portamonedas para comercios en Ibiza - Sistema punto de venta profesional\" height=\"522\" width=\"800\" title=\"Pack TPV Completo Ibiza | Terminal T\u00e1ctil + Impresora + Caj\u00f3n | Sistema Punto Venta Profesional\" onerror=\"this.style.display='none'\" loading=\"lazy\" \/>\n\t<\/figure>\n\t\t<h3><a href=\"#contacto\" target=\"_self\">POS Pack + Cash Drawer + Printer<\/a><\/h3><p>Compact, modern and powerful POS terminal, premium POS with automatic-opening cash drawer and 80 mm network and USB printer.<\/p>\n\t\t\t<a href=\"#contacto\"  target=\"_self\">\n\t\t\t\t\t\t\tI WANT IT\n\t\t\t\t\t<\/a>\n<figure itemscope itemtype=\"https:\/\/schema.org\/ImageObject\">\n\t\t\t\t<img decoding=\"async\" src=\"https:\/\/tpvibiza.com\/wp-content\/uploads\/2026\/02\/comandero-pda-android-camarero-tpv-ibiza-agora-tpvibiza.jpg\" alt=\"Comandero PDA Android para TPV en Ibiza - Sistema de toma de comandas inal\u00e1mbrico para camareros\" height=\"522\" width=\"800\" title=\"Comandero PDA Ibiza - Toma comandas m\u00f3vil\" onerror=\"this.style.display='none'\" loading=\"lazy\" \/>\n\t<\/figure>\n\t\t<h3><a href=\"#contacto\" target=\"_self\">Handheld PDA for waiters<\/a><\/h3><p>Rugged PDA devices for waiters to take orders at the table, drop- and splash-resistant and fully integrated with your POS system over WiFi for your restaurant in Ibiza.<\/p>\n\t\t\t<a href=\"#contacto\"  target=\"_self\">\n\t\t\t\t\t\t\tI'M INTERESTED\n\t\t\t\t\t<\/a>\n<figure itemscope itemtype=\"https:\/\/schema.org\/ImageObject\">\n\t\t\t\t<img decoding=\"async\" src=\"https:\/\/tpvibiza.com\/wp-content\/uploads\/2026\/02\/camaras-restaurante-vigilancia-tpv-ibiza-tpvibiza.jpg\" alt=\"C\u00e1maras de seguridad para restaurantes en Ibiza - Vigilancia completa del local, terraza y caja TPV\" height=\"522\" width=\"800\" title=\"C\u00e1maras seguridad Ibiza - Vigilancia restaurante\" onerror=\"this.style.display='none'\" loading=\"lazy\" \/>\n\t<\/figure>\n\t\t<h3><a href=\"#contacto\" target=\"_self\">Surveillance and Video Cameras<\/a><\/h3><p>Protection against theft, staff supervision and POS operations control. Continuous recording and 24\/7 remote access.<\/p>\n\t\t\t<a href=\"#contacto\"  target=\"_self\">\n\t\t\t\t\t\t\tLEARN MORE\n\t\t\t\t\t<\/a>\n<figure itemscope itemtype=\"https:\/\/schema.org\/ImageObject\">\n\t\t\t\t<img decoding=\"async\" src=\"https:\/\/tpvibiza.com\/wp-content\/uploads\/2026\/02\/cashlogy-ibiza-agora-tpvibiza.jpg\" alt=\"Sistema Cashlogy de gesti\u00f3n autom\u00e1tica de efectivo para TPV en Ibiza - Contador y clasificador de billetes y monedas integrado\" height=\"522\" width=\"800\" title=\"Cashlogy Ibiza | Gesti\u00f3n Autom\u00e1tica Efectivo TPV | Contador Billetes Monedas Restaurantes\" onerror=\"this.style.display='none'\" loading=\"lazy\" \/>\n\t<\/figure>\n\t\t<h3><a href=\"#contacto\" target=\"_self\">Cashlogy from \u20ac8\/day<\/a><\/h3><p>Cashlogy, an automatic cash handling system integrated with your POS to optimise cash balancing, eliminate errors, and improve security.<\/p>\n\t\t\t<a href=\"#contacto\"  target=\"_self\">\n\t\t\t\t\t\t\tI'M INTERESTED\n\t\t\t\t\t<\/a>\n<figure itemscope itemtype=\"https:\/\/schema.org\/ImageObject\">\n\t\t\t\t<img decoding=\"async\" src=\"https:\/\/tpvibiza.com\/wp-content\/uploads\/2026\/02\/impresora-termica-80mm-tpv-ibiza-agora-tpvibiza.jpg\" alt=\"Impresora t\u00e9rmica de tickets 80mm para TPV de restaurantes en Ibiza y Formentera - Impresi\u00f3n r\u00e1pida y fiable\" height=\"522\" width=\"800\" title=\"Impresora tickets TPV Ibiza - 80mm t\u00e9rmica\" onerror=\"this.style.display='none'\" loading=\"lazy\" \/>\n\t<\/figure>\n\t\t<h3><a href=\"#contacto\" target=\"_self\">Bar and kitchen printers<\/a><\/h3><p>High-quality Elines thermal printers for receipts and order tickets, with USB, wired network and\/or WiFi ports according to your needs.<\/p>\n\t\t\t<a href=\"#contacto\"  target=\"_self\">\n\t\t\t\t\t\t\tMORE INFO\n\t\t\t\t\t<\/a>\n<figure itemscope itemtype=\"https:\/\/schema.org\/ImageObject\">\n\t\t\t\t<img decoding=\"async\" src=\"https:\/\/tpvibiza.com\/wp-content\/uploads\/2026\/02\/instalacion-sat-servicio-tecnico-informatico-pda-tpv-wifi-camaras-restaurante-ibiza-agora-tpvibiza.jpg\" alt=\"Instalaci\u00f3n y servicio t\u00e9cnico para sistemas TPV, WiFi y c\u00e1maras en restaurantes de Ibiza - Soporte local profesional\" height=\"522\" width=\"800\" title=\"Instalaci\u00f3n y soporte t\u00e9cnico Ibiza - TPVibiza\" onerror=\"this.style.display='none'\" loading=\"lazy\" \/>\n\t<\/figure>\n\t\t<h3><a href=\"#contacto\" target=\"_self\">Installation and technical service<\/a><\/h3><p>Turnkey installation of all the systems offered, plus ongoing maintenance and technical support.<\/p>\n\t\t\t<a href=\"#contacto\"  target=\"_self\">\n\t\t\t\t\t\t\tCONTACT US\n\t\t\t\t\t<\/a>\n<figure itemscope itemtype=\"https:\/\/schema.org\/ImageObject\">\n\t\t\t\t<img decoding=\"async\" src=\"https:\/\/tpvibiza.com\/wp-content\/uploads\/2026\/02\/MONITOR-DE-COCINA-kds-ibiza-agora-tpvibiza.jpg\" alt=\"Kitchen KDS monitor for the \u00c1gora POS system for restaurants in Ibiza \u2013 Digital order management\" height=\"522\" width=\"800\" title=\"KDS \u00c1gora Ibiza - Monitor cocina TPV\" onerror=\"this.style.display='none'\" loading=\"lazy\" \/>\n\t<\/figure>\n\t\t<h3><a href=\"#contacto\" target=\"_self\">Kitchen Display (KDS)<\/a><\/h3><p>Kitchen Display System: view and interact with orders on a digital kitchen screen in real time, eliminate paper tickets, and improve efficiency.<\/p>\n\t\t\t<a href=\"#contacto\"  target=\"_self\">\n\t\t\t\t\t\t\tMORE INFO\n\t\t\t\t\t<\/a>\n<figure itemscope itemtype=\"https:\/\/schema.org\/ImageObject\">\n\t\t\t\t<img decoding=\"async\" src=\"https:\/\/tpvibiza.com\/wp-content\/uploads\/2026\/02\/wifi-pro-restaurantes-cobertura-terraza-total-tpv-ibiza-agora-tpvibiza.jpg\" alt=\"WiFi profesional para restaurantes en Ibiza - Cobertura total en terrazas y locales con red empresarial\" height=\"522\" width=\"800\" title=\"WiFi profesional Ibiza - Red completa restaurantes\" onerror=\"this.style.display='none'\" loading=\"lazy\" \/>\n\t<\/figure>\n\t\t<h3><a href=\"#contacto\" target=\"_self\">Pro WIFI network with full coverage<\/a><\/h3><p>Professional WiFi network with full coverage for your venue and terraces, designed to support all your POS terminals, handheld order devices, KDS screens and customer connectivity.<\/p>\n\t\t\t<a href=\"#contacto\"  target=\"_self\">\n\t\t\t\t\t\t\tCONTACT US\n\t\t\t\t\t<\/a>\n<figure itemscope itemtype=\"https:\/\/schema.org\/ImageObject\">\n\t\t\t\t<img decoding=\"async\" src=\"https:\/\/tpvibiza.com\/wp-content\/uploads\/2026\/02\/compatible-con-agora-100-tpv-ibiza-tpvibiza.jpg\" alt=\"POS system compatible with \u00c1gora \u2013 TPVIbiza point of sale solutions for the hospitality industry in Ibiza\" height=\"522\" width=\"800\" title=\"compatible-con-agora-100%-tpv-ibiza-tpvibiza\" onerror=\"this.style.display='none'\" loading=\"lazy\" \/>\n\t<\/figure>\n\t\t<h3><a href=\"#contacto\" target=\"_self\">Perfect integration 100%<\/a><\/h3><p>Perfect compatibility with \u00c1gora, Glop, Hostelt\u00e1ctil, Ofibarman, and other systems as well. We provide expert advice.<\/p>\n\t\t\t<a href=\"#contacto\"  target=\"_self\">\n\t\t\t\t\t\t\tMORE INFO\n\t\t\t\t\t<\/a>\n<h2>\n\t\t\tEl sistema preferido por nuestros clientes es&#8230;\t<\/h2>\n\t<ul>\n\t\t\t\t<li>\n                        <h4>\u00c1GORA<\/h4>0%\n\t\t<\/li>\n\t\t\t\t\t\t\t<li>\n                        <h4>DUAL-LINK<\/h4>0%\n\t\t<\/li>\n\t\t\t\t\t\t\t<li>\n                        <h4>OFIBAR<\/h4>0%\n\t\t<\/li>\n\t\t\t\t\t\t\t<\/ul>\n<h3>\n\t\t\tLogos and brands are the property of their respective owners. Use in accordance with Article 37 of Spanish Trademark Law 17\/2001 (fair use to indicate compatibility). Own hardware installation statistics. \t<\/h3>\n<h3>\n\t\t\tRestaurants that trust TPVibiza\t<\/h3>\n<h2>\n\t\t\tWhen are you opening your restaurant?\t<\/h2>\n<h3>\n\t\t\tContact us and we'll have everything ready for your opening\t<\/h3>\n\t\t\t\t<img decoding=\"async\" src=\"https:\/\/tpvibiza.com\/wp-content\/uploads\/2026\/02\/logo-TPVibiza.png\" alt=\"TPV Ibiza, leader in turnkey installations: POS systems, handheld ordering devices, thermal printers, kitchen KDS monitors, Cashlogy cash management, and complete solutions for restaurants in Ibiza\" title=\"TPV Ibiza \u2013 Leaders in Turnkey POS Systems for the Hospitality Industry.\" itemprop=\"image\"  \/>\n\t<form id=\"forminator-module-151\" class=\"forminator-custom-form forminator-custom-form-151\" method=\"post\" data-forminator-render=\"0\" data-uid=\"69e8f8f59cf93\" action=\"\"><div role=\"alert\" aria-live=\"polite\" class=\"forminator-response-message forminator-error\" aria-hidden=\"true\"><\/div><input type=\"hidden\" name=\"trp-form-language\" value=\"en\"\/><\/form>\n\t<p>\u2713 Sin compromiso \u00b7 \u2713 Atenci\u00f3n personalizada \u00b7 \u2713 Presupuesto en 24h<\/p>","protected":false},"excerpt":{"rendered":"<p>Tu restaurante en Ibizalisto para abrir ! TPV \u00b7 COMANDEROS \u00b7 CASHLOGY \u00b7 KDS \u00b7 IMPRESORAS \u00b7 RED WIFI + MONTAJE COMPLETO Todo lo necesario para gestionar tu restaurante Equipos TPV con instalaci\u00f3n integral: llave en mano en Ibiza! Pack TPV + Caj\u00f3n + Impresora TPV compacto, moderno y potente, TPV premium con caj\u00f3n portamonedas&hellip;<\/p>","protected":false},"author":1,"featured_media":209,"parent":0,"menu_order":0,"comment_status":"closed","ping_status":"closed","template":"","meta":{"footnotes":""},"class_list":["post-21","page","type-page","status-publish","has-post-thumbnail","hentry"],"_hostinger_reach_plugin_has_subscription_block":false,"_hostinger_reach_plugin_is_elementor":false,"_links":{"self":[{"href":"https:\/\/tpvibiza.com\/en\/wp-json\/wp\/v2\/pages\/21","targetHints":{"allow":["GET"]}}],"collection":[{"href":"https:\/\/tpvibiza.com\/en\/wp-json\/wp\/v2\/pages"}],"about":[{"href":"https:\/\/tpvibiza.com\/en\/wp-json\/wp\/v2\/types\/page"}],"author":[{"embeddable":true,"href":"https:\/\/tpvibiza.com\/en\/wp-json\/wp\/v2\/users\/1"}],"replies":[{"embeddable":true,"href":"https:\/\/tpvibiza.com\/en\/wp-json\/wp\/v2\/comments?post=21"}],"version-history":[{"count":77,"href":"https:\/\/tpvibiza.com\/en\/wp-json\/wp\/v2\/pages\/21\/revisions"}],"predecessor-version":[{"id":237,"href":"https:\/\/tpvibiza.com\/en\/wp-json\/wp\/v2\/pages\/21\/revisions\/237"}],"wp:featuredmedia":[{"embeddable":true,"href":"https:\/\/tpvibiza.com\/en\/wp-json\/wp\/v2\/media\/209"}],"wp:attachment":[{"href":"https:\/\/tpvibiza.com\/en\/wp-json\/wp\/v2\/media?parent=21"}],"curies":[{"name":"wp","href":"https:\/\/api.w.org\/{rel}","templated":true}]}}