{"id":165,"date":"2026-02-16T10:00:58","date_gmt":"2026-02-16T09:00:58","guid":{"rendered":"https:\/\/tpvibiza.com\/?page_id=165"},"modified":"2026-02-18T14:30:36","modified_gmt":"2026-02-18T13:30:36","slug":"aviso-legal","status":"publish","type":"page","link":"https:\/\/tpvibiza.com\/es\/aviso-legal\/","title":{"rendered":"Aviso Legal"},"content":{"rendered":"\n\n\t<h1>Aviso Legal y Condiciones Generales de Uso<\/h1>\n<h2>www.tpvibiza.com<\/h2>\n<hr \/>\n<h2>I. Informaci\u00f3n General<\/h2>\n<p>En cumplimiento con el deber de informaci\u00f3n dispuesto en la Ley 34\/2002 de Servicios de la Sociedad de la Informaci\u00f3n y el Comercio Electr\u00f3nico (LSSI-CE) de 11 de julio, se facilitan a continuaci\u00f3n los datos de informaci\u00f3n general de este sitio web:<\/p>\n<ul>\n<li><strong>Titular:<\/strong> Binaria Infosistemas Sociedad Limitada (mencionada en este documento con el nombre comercial TPVibiza y TPVibiza.com)<\/li>\n<li><strong>NIF:<\/strong> B44549897<\/li>\n<li><strong>Inscripci\u00f3n Registral:<\/strong>\u00a0Registro Mercantil de Ibiza, Tomo 391, Folio 93, Hoja n\u00ba 19557<\/li>\n<li><strong>Representante Legal:<\/strong>\u00a0Isaac Rasqui Barrera<\/li>\n<li><strong>Direcci\u00f3n:<\/strong>\u00a0C\/ Isidor Macabich 3 bajos, 07815 Sant Miquel de Balansat, Baleares, Espa\u00f1a<\/li>\n<li><strong>Tel\u00e9fono de contacto:<\/strong>\u00a0+34 644 00 46 21<\/li>\n<li><strong>Email de contacto:<\/strong> <a href=\"mailto:tpvibiza@tpvibiza.com\">tpvibiza@tpvibiza.com<\/a><\/li>\n<\/ul>\n<hr \/>\n<h2>II. T\u00e9rminos y Condiciones Generales de Uso<\/h2>\n<h3>1. Objeto del Sitio Web<\/h3>\n<p>El presente Aviso Legal regula el acceso, navegaci\u00f3n y uso del sitio web www.tpvibiza.com, as\u00ed como los servicios ofrecidos por TPVibiza.com.<\/p>\n<p>El acceso y uso del sitio web implica la aceptaci\u00f3n plena y sin reservas de las presentes condiciones generales por parte del usuario.<\/p>\n<h3>2. Responsabilidades del Usuario<\/h3>\n<p>El Usuario se compromete a hacer un uso adecuado y l\u00edcito del sitio web y sus contenidos. Queda prohibido el uso del sitio web con fines ilegales, lesivos o contrarios a la buena fe y al orden p\u00fablico.<\/p>\n<h3>3. Servicios Ofrecidos<\/h3>\n<p>Este sitio web proporciona informaci\u00f3n sobre servicios inform\u00e1ticos aplicados a hosteler\u00eda, sistemas hardware, sistemas de red y wifi, sistemas de vigilancia,\u00a0 \u00a0 \u00a0sistemas de cobro autom\u00e1tico y otras soluciones tecnol\u00f3gicas ofrecidas por TPVibiza.com. No constituye un contrato vinculante, salvo que se indique expresamente en cada caso.<\/p>\n<h3>4. Seguridad y Privacidad<\/h3>\n<p>Este sitio web utiliza un certificado SSL para garantizar la seguridad en la transmisi\u00f3n de datos. Para m\u00e1s informaci\u00f3n sobre la protecci\u00f3n de datos y el uso de cookies, consulte nuestra\u00a0<a href=\"\/politica-de-privacidad\/\">Pol\u00edtica de Privacidad<\/a>\u00a0y\u00a0<a href=\"\/politica-de-cookies\/\">Pol\u00edtica de Cookies<\/a>.<\/p>\n<hr \/>\n<h2>III. Marcas y Relaciones Comerciales<\/h2>\n<p><strong>1. NATURALEZA DE NUESTRA ACTIVIDAD.<\/strong><\/p>\n<p>TPVibiza es una empresa especializada en la venta, instalaci\u00f3n y configuraci\u00f3n de hardware para sistemas de punto de venta (TPV) y equipamiento para gesti\u00f3n de hosteler\u00eda en Ibiza. Nuestra actividad incluye:<\/p>\n<ul>\n<li>\n<ul>\n<li>Venta e instalaci\u00f3n de hardware (terminales, impresoras, cajones, Cashlogy, comanderos, redes WiFi, c\u00e1maras seguridad)<\/li>\n<li>Configuraci\u00f3n t\u00e9cnica de sistemas TPV<\/li>\n<li>Soporte t\u00e9cnico y mantenimiento (SAT)<\/li>\n<li>Asesoramiento en selecci\u00f3n de sistemas compatibles.<\/li>\n<\/ul>\n<\/li>\n<\/ul>\n<p>No distribuimos ni comercializamos licencias de software TPV directamente. Los clientes adquieren las licencias de software a trav\u00e9s de los distribuidores autorizados oficiales de cada fabricante.<\/p>\n<p><strong>2. RELACIONES COMERCIALES Y DISTRIBUCIONES OFICIALES<\/strong><\/p>\n<p>TPVibiza.com es distribuidor oficial autorizado de:<\/p>\n<ul>\n<li>\n<ul>\n<li>Dual-Link TPV en Pitiusas.<\/li>\n<li>Cashlogy (sistemas automatizaci\u00f3n efectivo) en Pitiusas<\/li>\n<li>Equipos para gesti\u00f3n de hosteler\u00eda marca Elines (equipos impresi\u00f3n t\u00e9rmica entre otros).<\/li>\n<li>Equipos para redes de datos y wifi profesional marca Reyee.<\/li>\n<\/ul>\n<\/li>\n<\/ul>\n<p>TPVibiza.com no es distribuidor oficial ni mantiene relaci\u00f3n comercial directa con:<\/p>\n<ul>\n<li>\n<ul>\n<li>\u00c1gora Retail \/ \u00c1gora TPV<\/li>\n<li>Glop<\/li>\n<li>Hostelt\u00e1ctil<\/li>\n<li>Ofibarman<\/li>\n<li>Otras marcas software mencionadas<\/li>\n<\/ul>\n<\/li>\n<\/ul>\n<p><strong>3. USO DE MARCAS Y LOGOTIPOS (Art. 37 Ley 17\/2001)<\/strong><\/p>\n<p>Conforme al Art\u00edculo 37 de la Ley 17\/2001 de Marcas, TPVibiza.com utiliza marcas comerciales de terceros exclusivamente para indicar:<\/p>\n<p>a) La compatibilidad t\u00e9cnica de nuestros equipos con dichos sistemas de software.<\/p>\n<p>b) Los sistemas con los que trabajan habitualmente nuestros clientes sobre nuestro despliegue previo.<\/p>\n<p>c) Referencias informativas sobre soluciones disponibles en el mercado.<\/p>\n<p>Este uso est\u00e1 amparado legalmente como \u00abuso leal de marca ajena para indicar el destino de un producto o servicio\u00bb y no implica:<\/p>\n<ul>\n<li>\n<ul>\n<li>Relaci\u00f3n comercial directa con los titulares de las marcas.<\/li>\n<li>Autorizaci\u00f3n, patrocinio o respaldo de o para dichas empresas.<\/li>\n<li>Distribuci\u00f3n directa ni oficial de sus productos software.<\/li>\n<\/ul>\n<\/li>\n<\/ul>\n<p><strong>4. PROPIEDAD INTELECTUAL E INDUSTRIAL<\/strong><\/p>\n<p>Todas las marcas, logotipos y nombres comerciales mostrados en este sitio web son propiedad exclusiva de sus respectivos titulares:<\/p>\n<ul>\n<li>\n<ul>\n<li>\u00c1gora TPV\u00ae &#8211; Marca registrada de IGT Microelectronics S.L. con NIF B78032034<\/li>\n<li>Glop\u00ae &#8211; Marca registrada de GLOP POS, S.L.U con NIF B53186722<\/li>\n<li>Dual-Link\u00ae &#8211; Marca registrada de DUAL LINK DISTRIBUTION, S.L. con NIF B54776935<\/li>\n<li>Hostelt\u00e1ctil\u00ae &#8211; Marca registrada de ELECTRONIC DREAMS S.L. con NIF B97370514<\/li>\n<li>Ofibarman\u00ae &#8211; Ofim\u00e1tica Ja\u00e9n, S.L. con NIF B23059595<\/li>\n<li>Cashlogy\u00ae &#8211; Marca registrada de AZKOYEN, S.A. con NIF A31065618<\/li>\n<li>Elines POS\u00ae &#8211; Marca registrada de TPVLINE MAYORISTAS S.L.U. con NIF B93268886<\/li>\n<\/ul>\n<\/li>\n<\/ul>\n<p>TPVibiza reconoce y respeta los derechos de propiedad intelectual e industrial de todos los titulares.<\/p>\n<p><strong>5. DATOS ESTAD\u00cdSTICOS MOSTRADOS<\/strong><\/p>\n<p>Los porcentajes y datos estad\u00edsticos sobre sistemas mostrados en nuestro sitio web corresponden exclusivamente a informaci\u00f3n agregada y anonimizada de nuestras propias instalaciones realizadas.<\/p>\n<p>Estos datos reflejan las preferencias y elecciones de nuestros clientes acerca del software compatible elegido por su parte para explotar el hardware adquirido en base a sus necesidades espec\u00edficas y no constituyen:<\/p>\n<ul>\n<li>\n<ul>\n<li>Recomendaci\u00f3n exclusiva de ning\u00fan sistema<\/li>\n<li>Comparativa t\u00e9cnica entre productos<\/li>\n<li>Evaluaci\u00f3n de calidad o rendimiento<\/li>\n<li>Publicidad comparativa<\/li>\n<\/ul>\n<\/li>\n<\/ul>\n<p>Dichos datos no implican relaci\u00f3n comercial directa con los titulares de las marcas de software ni refuerzan preferencia comercial alguna por parte de TPVibiza, limit\u00e1ndose a describir el uso que realizan nuestros clientes sobre el hardware suministrado.<\/p>\n<hr \/>\n<h2>IV. Pol\u00edtica de Enlaces<\/h2>\n<p>Este sitio web puede incluir enlaces a p\u00e1ginas de terceros. TPVibiza no se hace responsable del contenido, exactitud o disponibilidad de dichos sitios externos. El establecimiento de un hiperv\u00ednculo no implica necesariamente relaci\u00f3n alguna entre TPVibiza y el titular del sitio enlazado.<\/p>\n<hr \/>\n<h2>V. Exclusi\u00f3n de Garant\u00edas y Responsabilidad<\/h2>\n<p>TPVibiza no garantiza la disponibilidad continua del sitio web, aunque har\u00e1 todo lo posible por asegurar su correcto funcionamiento. No se responsabiliza de da\u00f1os o perjuicios causados por interrupciones del servicio, virus inform\u00e1ticos u otros incidentes t\u00e9cnicos.<\/p>\n<hr \/>\n<h2>VI. Legislaci\u00f3n Aplicable y Jurisdicci\u00f3n<\/h2>\n<p>Las presentes condiciones se rigen por la legislaci\u00f3n espa\u00f1ola. Cualquier controversia que pudiera derivarse del acceso o uso del sitio web se someter\u00e1 a los juzgados y tribunales de Ibiza, Espa\u00f1a, salvo que la ley disponga otra cosa.<\/p>\n<hr \/>\n<h2>VII. Contacto<\/h2>\n<p>Para cualquier consulta relacionada con el presente Aviso Legal, puede ponerse en contacto con TPVibiza a trav\u00e9s del correo electr\u00f3nico <a href=\"mailto:tpvibiza@tpvibiza.com\">tpvibiza@tpvibiza.com<\/a>\u00a0o por tel\u00e9fono al +34 644 00 46 21.<\/p>\n<hr \/>\n<p><strong>Fecha de la \u00faltima actualizaci\u00f3n:<\/strong> 16 de febrero de 2026<\/p>\n\n","protected":false},"excerpt":{"rendered":"<p>Aviso Legal y Condiciones Generales de Uso www.tpvibiza.com I. Informaci\u00f3n General En cumplimiento con el deber de informaci\u00f3n dispuesto en la Ley 34\/2002 de Servicios de la Sociedad de la Informaci\u00f3n y el Comercio Electr\u00f3nico (LSSI-CE) de 11 de julio, se facilitan a continuaci\u00f3n los datos de informaci\u00f3n general de este sitio web: Titular: Binaria&hellip;<\/p>\n","protected":false},"author":1,"featured_media":0,"parent":0,"menu_order":0,"comment_status":"closed","ping_status":"closed","template":"","meta":{"footnotes":""},"class_list":["post-165","page","type-page","status-publish","hentry"],"_hostinger_reach_plugin_has_subscription_block":false,"_hostinger_reach_plugin_is_elementor":false,"_links":{"self":[{"href":"https:\/\/tpvibiza.com\/es\/wp-json\/wp\/v2\/pages\/165","targetHints":{"allow":["GET"]}}],"collection":[{"href":"https:\/\/tpvibiza.com\/es\/wp-json\/wp\/v2\/pages"}],"about":[{"href":"https:\/\/tpvibiza.com\/es\/wp-json\/wp\/v2\/types\/page"}],"author":[{"embeddable":true,"href":"https:\/\/tpvibiza.com\/es\/wp-json\/wp\/v2\/users\/1"}],"replies":[{"embeddable":true,"href":"https:\/\/tpvibiza.com\/es\/wp-json\/wp\/v2\/comments?post=165"}],"version-history":[{"count":8,"href":"https:\/\/tpvibiza.com\/es\/wp-json\/wp\/v2\/pages\/165\/revisions"}],"predecessor-version":[{"id":193,"href":"https:\/\/tpvibiza.com\/es\/wp-json\/wp\/v2\/pages\/165\/revisions\/193"}],"wp:attachment":[{"href":"https:\/\/tpvibiza.com\/es\/wp-json\/wp\/v2\/media?parent=165"}],"curies":[{"name":"wp","href":"https:\/\/api.w.org\/{rel}","templated":true}]}}