{"id":21,"date":"2026-02-06T18:37:24","date_gmt":"2026-02-06T18:37:24","guid":{"rendered":"https:\/\/steelblue-octopus-650623.hostingersite.com\/home\/"},"modified":"2026-02-18T19:18:39","modified_gmt":"2026-02-18T18:18:39","slug":"inicio","status":"publish","type":"page","link":"https:\/\/tpvibiza.com\/es\/","title":{"rendered":"Inicio"},"content":{"rendered":"\n<h1>\n\t\t\tTu restaurante en Ibiza<br \/>listo para abrir !\t<\/h1>\n<h2>\n\t\t\tTPV \u00b7 COMANDEROS \u00b7 CASHLOGY \u00b7 KDS \u00b7 <br \/>IMPRESORAS \u00b7 RED WIFI + MONTAJE COMPLETO\t<\/h2>\n<h2>\n\t\t\tTodo lo necesario para gestionar tu restaurante\t<\/h2>\n<h3>\n\t\t\tEquipos TPV con instalaci\u00f3n integral: llave en mano en Ibiza!\t<\/h3>\n<figure itemscope itemtype=\"https:\/\/schema.org\/ImageObject\">\n\t\t\t\t<img decoding=\"async\" src=\"https:\/\/tpvibiza.com\/wp-content\/uploads\/2026\/02\/Pack-TPV-impresora-cajon-ibiza-agora.jpg\" alt=\"Pack completo TPV con impresora t\u00e9rmica y caj\u00f3n portamonedas para comercios en Ibiza - Sistema punto de venta profesional\" height=\"522\" width=\"800\" title=\"Pack TPV Completo Ibiza | Terminal T\u00e1ctil + Impresora + Caj\u00f3n | Sistema Punto Venta Profesional\" onerror=\"this.style.display='none'\" loading=\"lazy\" \/>\n\t<\/figure>\n\t\t<h3><a href=\"#contacto\" target=\"_self\">Pack TPV + Caj\u00f3n + Impresora<\/a><\/h3><p>TPV compacto, moderno y potente, TPV premium con caj\u00f3n portamonedas de apertura autom\u00e1tica e impresora de 80mm red y usb.<\/p>\n\t\t\t<a href=\"#contacto\"  target=\"_self\">\n\t\t\t\t\t\t\tLo quiero\n\t\t\t\t\t<\/a>\n<figure itemscope itemtype=\"https:\/\/schema.org\/ImageObject\">\n\t\t\t\t<img decoding=\"async\" src=\"https:\/\/tpvibiza.com\/wp-content\/uploads\/2026\/02\/comandero-pda-android-camarero-tpv-ibiza-agora-tpvibiza.jpg\" alt=\"Comandero PDA Android para TPV en Ibiza - Sistema de toma de comandas inal\u00e1mbrico para camareros\" height=\"522\" width=\"800\" title=\"Comandero PDA Ibiza - Toma comandas m\u00f3vil\" onerror=\"this.style.display='none'\" loading=\"lazy\" \/>\n\t<\/figure>\n\t\t<h3><a href=\"#contacto\" target=\"_self\">PDA de comanda para camareros<\/a><\/h3><p>Dispositivos PDA blindados para camareros, para tomar comanda en las mesas, a prueba de ca\u00eddas y salpicaduras e integrados con el sistema TPV mediante WIFI para tu restaurante en Ibiza.<\/p>\n\t\t\t<a href=\"#contacto\"  target=\"_self\">\n\t\t\t\t\t\t\tMe interesa\n\t\t\t\t\t<\/a>\n<figure itemscope itemtype=\"https:\/\/schema.org\/ImageObject\">\n\t\t\t\t<img decoding=\"async\" src=\"https:\/\/tpvibiza.com\/wp-content\/uploads\/2026\/02\/camaras-restaurante-vigilancia-tpv-ibiza-tpvibiza.jpg\" alt=\"C\u00e1maras de seguridad para restaurantes en Ibiza - Vigilancia completa del local, terraza y caja TPV\" height=\"522\" width=\"800\" title=\"C\u00e1maras seguridad Ibiza - Vigilancia restaurante\" onerror=\"this.style.display='none'\" loading=\"lazy\" \/>\n\t<\/figure>\n\t\t<h3><a href=\"#contacto\" target=\"_self\">Vigilancia y Videoc\u00e1maras<\/a><\/h3><p>Protecci\u00f3n contra robos, supervisi\u00f3n de personal y control de operaciones en el TPV. Grabaci\u00f3n continua y acceso remoto 24\/7.<\/p>\n\t\t\t<a href=\"#contacto\"  target=\"_self\">\n\t\t\t\t\t\t\tSaber m\u00e1s\n\t\t\t\t\t<\/a>\n<figure itemscope itemtype=\"https:\/\/schema.org\/ImageObject\">\n\t\t\t\t<img decoding=\"async\" src=\"https:\/\/tpvibiza.com\/wp-content\/uploads\/2026\/02\/cashlogy-ibiza-agora-tpvibiza.jpg\" alt=\"Sistema Cashlogy de gesti\u00f3n autom\u00e1tica de efectivo para TPV en Ibiza - Contador y clasificador de billetes y monedas integrado\" height=\"522\" width=\"800\" title=\"Cashlogy Ibiza | Gesti\u00f3n Autom\u00e1tica Efectivo TPV | Contador Billetes Monedas Restaurantes\" onerror=\"this.style.display='none'\" loading=\"lazy\" \/>\n\t<\/figure>\n\t\t<h3><a href=\"#contacto\" target=\"_self\">Cashlogy desde 8\u20ac\/d\u00eda<\/a><\/h3><p>Cashlogy, sistema de cobro autom\u00e1tico integrado con tu TPV para optimizar el arqueo de caja, eliminar errores y mejorar la seguridad.<\/p>\n\t\t\t<a href=\"#contacto\"  target=\"_self\">\n\t\t\t\t\t\t\tMe interesa\n\t\t\t\t\t<\/a>\n<figure itemscope itemtype=\"https:\/\/schema.org\/ImageObject\">\n\t\t\t\t<img decoding=\"async\" src=\"https:\/\/tpvibiza.com\/wp-content\/uploads\/2026\/02\/impresora-termica-80mm-tpv-ibiza-agora-tpvibiza.jpg\" alt=\"Impresora t\u00e9rmica de tickets 80mm para TPV de restaurantes en Ibiza y Formentera - Impresi\u00f3n r\u00e1pida y fiable\" height=\"522\" width=\"800\" title=\"Impresora tickets TPV Ibiza - 80mm t\u00e9rmica\" onerror=\"this.style.display='none'\" loading=\"lazy\" \/>\n\t<\/figure>\n\t\t<h3><a href=\"#contacto\" target=\"_self\">Impresoras barra y cocina<\/a><\/h3><p>Impresoras t\u00e9rmicas Elines de alta calidad para t\u00edquets y comandas, con puertos usb, red cableada y\/o\u00a0 wifi seg\u00fan necesidades<\/p>\n\t\t\t<a href=\"#contacto\"  target=\"_self\">\n\t\t\t\t\t\t\tM\u00e1s informaci\u00f3n\n\t\t\t\t\t<\/a>\n<figure itemscope itemtype=\"https:\/\/schema.org\/ImageObject\">\n\t\t\t\t<img decoding=\"async\" src=\"https:\/\/tpvibiza.com\/wp-content\/uploads\/2026\/02\/instalacion-sat-servicio-tecnico-informatico-pda-tpv-wifi-camaras-restaurante-ibiza-agora-tpvibiza.jpg\" alt=\"Instalaci\u00f3n y servicio t\u00e9cnico para sistemas TPV, WiFi y c\u00e1maras en restaurantes de Ibiza - Soporte local profesional\" height=\"522\" width=\"800\" title=\"Instalaci\u00f3n y soporte t\u00e9cnico Ibiza - TPVibiza\" onerror=\"this.style.display='none'\" loading=\"lazy\" \/>\n\t<\/figure>\n\t\t<h3><a href=\"#contacto\" target=\"_self\">Instalaci\u00f3n y servicio t\u00e9cnico<\/a><\/h3><p>Instalaci\u00f3n completa llave en mano de todos los sistemas ofrecidos y posterior mantenimiento y servicio t\u00e9cnico.<\/p>\n\t\t\t<a href=\"#contacto\"  target=\"_self\">\n\t\t\t\t\t\t\tCont\u00e1ctanos\n\t\t\t\t\t<\/a>\n<figure itemscope itemtype=\"https:\/\/schema.org\/ImageObject\">\n\t\t\t\t<img decoding=\"async\" src=\"https:\/\/tpvibiza.com\/wp-content\/uploads\/2026\/02\/MONITOR-DE-COCINA-kds-ibiza-agora-tpvibiza.jpg\" alt=\"Monitor KDS de cocina del sistema TPV \u00c1gora para restaurantes en Ibiza - Gesti\u00f3n digital de comandas\" height=\"522\" width=\"800\" title=\"KDS \u00c1gora Ibiza - Monitor cocina TPV\" onerror=\"this.style.display='none'\" loading=\"lazy\" \/>\n\t<\/figure>\n\t\t<h3><a href=\"#contacto\" target=\"_self\">Monitor de cocina (KDS)<\/a><\/h3><p>Kitchen Display System, visualiza e interact\u00faa en cocina con las comandas digitalmente en tiempo real, elimina el papel y mejora la eficiencia.<\/p>\n\t\t\t<a href=\"#contacto\"  target=\"_self\">\n\t\t\t\t\t\t\tM\u00e1s Informaci\u00f3n\n\t\t\t\t\t<\/a>\n<figure itemscope itemtype=\"https:\/\/schema.org\/ImageObject\">\n\t\t\t\t<img decoding=\"async\" src=\"https:\/\/tpvibiza.com\/wp-content\/uploads\/2026\/02\/wifi-pro-restaurantes-cobertura-terraza-total-tpv-ibiza-agora-tpvibiza.jpg\" alt=\"WiFi profesional para restaurantes en Ibiza - Cobertura total en terrazas y locales con red empresarial\" height=\"522\" width=\"800\" title=\"WiFi profesional Ibiza - Red completa restaurantes\" onerror=\"this.style.display='none'\" loading=\"lazy\" \/>\n\t<\/figure>\n\t\t<h3><a href=\"#contacto\" target=\"_self\">Red WIFI pro con cobertura total<\/a><\/h3><p>Red WiFi profesional con cobertura total de tu local + terrazas, dise\u00f1ada para soportar todos tus dispositivos TPV, comanderos, KDS y clientes.<\/p>\n\t\t\t<a href=\"#contacto\"  target=\"_self\">\n\t\t\t\t\t\t\tCont\u00e1ctanos\n\t\t\t\t\t<\/a>\n<figure itemscope itemtype=\"https:\/\/schema.org\/ImageObject\">\n\t\t\t\t<img decoding=\"async\" src=\"https:\/\/tpvibiza.com\/wp-content\/uploads\/2026\/02\/compatible-con-agora-100-tpv-ibiza-tpvibiza.jpg\" alt=\"Sistema TPV compatible con \u00c1gora - TPVibiza soluciones punto de venta para hosteler\u00eda en Ibiza\" height=\"522\" width=\"800\" title=\"compatible-con-agora-100%-tpv-ibiza-tpvibiza\" onerror=\"this.style.display='none'\" loading=\"lazy\" \/>\n\t<\/figure>\n\t\t<h3><a href=\"#contacto\" target=\"_self\">Integraci\u00f3n perfecta<\/a><\/h3><p>Compatibilidad perfecta con \u00c1gora, Glop, Hostelt\u00e1ctil, Ofibarman y tambi\u00e9n otros sistemas. Te asesoramos.<\/p>\n\t\t\t<a href=\"#contacto\"  target=\"_self\">\n\t\t\t\t\t\t\tCons\u00faltanos\n\t\t\t\t\t<\/a>\n<h2>\n\t\t\tEl sistema preferido por nuestros clientes es&#8230;\t<\/h2>\n\t<ul>\n\t\t\t\t<li>\n                        <h4>\u00c1GORA<\/h4>0%\n\t\t<\/li>\n\t\t\t\t\t\t\t<li>\n                        <h4>DUAL-LINK<\/h4>0%\n\t\t<\/li>\n\t\t\t\t\t\t\t<li>\n                        <h4>OFIBAR<\/h4>0%\n\t\t<\/li>\n\t\t\t\t\t\t\t<\/ul>\n<h3>\n\t\t\tLogos y marcas propiedad de sus respectivos titulares. Art. 37 Ley 17\/2001 Marcas (uso leal referencia compatibilidad). Estad\u00edstica instalaciones hardware propias \t<\/h3>\n<h3>\n\t\t\tRestaurantes que conf\u00edan en TPVibiza\t<\/h3>\n<h2>\n\t\t\t\u00bfCu\u00e1ndo abres tu restaurante?\t<\/h2>\n<h3>\n\t\t\tCont\u00e1ctanos y te lo dejamos todo listo para tu apertura\t<\/h3>\n\t\t\t\t<img decoding=\"async\" src=\"https:\/\/tpvibiza.com\/wp-content\/uploads\/2026\/02\/logo-TPVibiza.png\" alt=\"TPV Ibiza l\u00edder en instalaci\u00f3n llave en mano: sistemas TPV, comanderos, impresoras t\u00e9rmicas, monitores cocina KDS, Cashlogy y soluciones completas para restaurantes en Ibiza\" title=\"TPV Ibiza - L\u00edderes en Sistemas TPV Llave en Mano para Hosteler\u00eda\" itemprop=\"image\"  \/>\n\t<form id=\"forminator-module-151\" class=\"forminator-custom-form forminator-custom-form-151\" method=\"post\" data-forminator-render=\"0\" data-uid=\"69e90c6545b6b\"><div role=\"alert\" aria-live=\"polite\" class=\"forminator-response-message forminator-error\" aria-hidden=\"true\"><\/div><\/form>\n\t<p>\u2713 Sin compromiso \u00b7 \u2713 Atenci\u00f3n personalizada \u00b7 \u2713 Presupuesto en 24h<\/p>\n\n","protected":false},"excerpt":{"rendered":"<p>Tu restaurante en Ibizalisto para abrir ! TPV \u00b7 COMANDEROS \u00b7 CASHLOGY \u00b7 KDS \u00b7 IMPRESORAS \u00b7 RED WIFI + MONTAJE COMPLETO Todo lo necesario para gestionar tu restaurante Equipos TPV con instalaci\u00f3n integral: llave en mano en Ibiza! Pack TPV + Caj\u00f3n + Impresora TPV compacto, moderno y potente, TPV premium con caj\u00f3n portamonedas&hellip;<\/p>\n","protected":false},"author":1,"featured_media":209,"parent":0,"menu_order":0,"comment_status":"closed","ping_status":"closed","template":"","meta":{"footnotes":""},"class_list":["post-21","page","type-page","status-publish","has-post-thumbnail","hentry"],"_hostinger_reach_plugin_has_subscription_block":false,"_hostinger_reach_plugin_is_elementor":false,"_links":{"self":[{"href":"https:\/\/tpvibiza.com\/es\/wp-json\/wp\/v2\/pages\/21","targetHints":{"allow":["GET"]}}],"collection":[{"href":"https:\/\/tpvibiza.com\/es\/wp-json\/wp\/v2\/pages"}],"about":[{"href":"https:\/\/tpvibiza.com\/es\/wp-json\/wp\/v2\/types\/page"}],"author":[{"embeddable":true,"href":"https:\/\/tpvibiza.com\/es\/wp-json\/wp\/v2\/users\/1"}],"replies":[{"embeddable":true,"href":"https:\/\/tpvibiza.com\/es\/wp-json\/wp\/v2\/comments?post=21"}],"version-history":[{"count":77,"href":"https:\/\/tpvibiza.com\/es\/wp-json\/wp\/v2\/pages\/21\/revisions"}],"predecessor-version":[{"id":237,"href":"https:\/\/tpvibiza.com\/es\/wp-json\/wp\/v2\/pages\/21\/revisions\/237"}],"wp:featuredmedia":[{"embeddable":true,"href":"https:\/\/tpvibiza.com\/es\/wp-json\/wp\/v2\/media\/209"}],"wp:attachment":[{"href":"https:\/\/tpvibiza.com\/es\/wp-json\/wp\/v2\/media?parent=21"}],"curies":[{"name":"wp","href":"https:\/\/api.w.org\/{rel}","templated":true}]}}